{"id":775,"date":"2025-01-28T07:58:28","date_gmt":"2025-01-28T07:58:28","guid":{"rendered":"https:\/\/turkeyner.com.tr\/?post_type=product&#038;p=775"},"modified":"2025-01-28T07:58:28","modified_gmt":"2025-01-28T07:58:28","slug":"worktops","status":"publish","type":"product","link":"https:\/\/turkeyner.com.tr\/?product=worktops","title":{"rendered":"Worktops"},"content":{"rendered":"<table border=\"0\" cellspacing=\"1\" cellpadding=\"5\">\n<tbody>\n<tr>\n<td style=\"width: 100px;text-align: center\" rowspan=\"2\">Code<\/td>\n<td style=\"width: 300px;text-align: center\" rowspan=\"2\">Description<\/td>\n<p><!-- Geni\u015flik art\u0131r\u0131ld\u0131 --><\/p>\n<td colspan=\"3\">Dimension (mm)<\/td>\n<td>Weight<\/td>\n<td>Net<\/td>\n<\/tr>\n<tr>\n<td>a<\/td>\n<td>b<\/td>\n<td>c<\/td>\n<td>kg<\/td>\n<td>m3<\/td>\n<\/tr>\n<tr>\n<td>AND.6TN010<\/td>\n<td>Worktop 1\/2 Module<\/td>\n<td colspan=\"3\">400x635x285<\/td>\n<td>13<\/td>\n<td>0.11<\/td>\n<\/tr>\n<tr>\n<td>AND.6TN020<\/td>\n<td>\u00a0Worktop 1\/1 Module<\/td>\n<td colspan=\"3\">600x635x285<\/td>\n<td>20<\/td>\n<td>0.17<\/td>\n<\/tr>\n<\/tbody>\n<\/table>\n","protected":false},"excerpt":{"rendered":"<p>&#8211; Worktops are suitable to use between each kind of 60\u2019s serie equipments.<br \/>\n&#8211; Easy to clean and hygienic.<br \/>\n&#8211; Top plate thickness 1.2 mm, body 1 mm stainless steel.<\/p>\n","protected":false},"featured_media":777,"comment_status":"open","ping_status":"closed","template":"","meta":[],"product_cat":[72],"product_tag":[],"class_list":{"0":"post-775","1":"product","2":"type-product","3":"status-publish","4":"has-post-thumbnail","6":"product_cat-snack","8":"first","9":"instock","10":"shipping-taxable","11":"product-type-simple"},"_links":{"self":[{"href":"https:\/\/turkeyner.com.tr\/index.php?rest_route=\/wp\/v2\/product\/775","targetHints":{"allow":["GET"]}}],"collection":[{"href":"https:\/\/turkeyner.com.tr\/index.php?rest_route=\/wp\/v2\/product"}],"about":[{"href":"https:\/\/turkeyner.com.tr\/index.php?rest_route=\/wp\/v2\/types\/product"}],"replies":[{"embeddable":true,"href":"https:\/\/turkeyner.com.tr\/index.php?rest_route=%2Fwp%2Fv2%2Fcomments&post=775"}],"wp:featuredmedia":[{"embeddable":true,"href":"https:\/\/turkeyner.com.tr\/index.php?rest_route=\/wp\/v2\/media\/777"}],"wp:attachment":[{"href":"https:\/\/turkeyner.com.tr\/index.php?rest_route=%2Fwp%2Fv2%2Fmedia&parent=775"}],"wp:term":[{"taxonomy":"product_cat","embeddable":true,"href":"https:\/\/turkeyner.com.tr\/index.php?rest_route=%2Fwp%2Fv2%2Fproduct_cat&post=775"},{"taxonomy":"product_tag","embeddable":true,"href":"https:\/\/turkeyner.com.tr\/index.php?rest_route=%2Fwp%2Fv2%2Fproduct_tag&post=775"}],"curies":[{"name":"wp","href":"https:\/\/api.w.org\/{rel}","templated":true}]}}