{"id":766,"date":"2025-01-28T07:13:38","date_gmt":"2025-01-28T07:13:38","guid":{"rendered":"https:\/\/turkeyner.com.tr\/?post_type=product&#038;p=766"},"modified":"2025-01-28T07:50:32","modified_gmt":"2025-01-28T07:50:32","slug":"undercounter-cabinets","status":"publish","type":"product","link":"https:\/\/turkeyner.com.tr\/?product=undercounter-cabinets","title":{"rendered":"Undercounter Cabinets"},"content":{"rendered":"<table border=\"0\" cellspacing=\"1\" cellpadding=\"5\">\n<tbody>\n<tr>\n<td style=\"width: 100px;text-align: center\" rowspan=\"2\">Code<\/td>\n<td style=\"width: 300px;text-align: center\" rowspan=\"2\">Description<\/td>\n<p><!-- Geni\u015flik art\u0131r\u0131ld\u0131 --><\/p>\n<td style=\"text-align: center\" colspan=\"3\">Dimensions (mm)<\/td>\n<td style=\"text-align: center\">Weight<\/td>\n<td style=\"text-align: center\">Net<\/td>\n<\/tr>\n<tr>\n<td style=\"text-align: center\">a<\/td>\n<td style=\"text-align: center\">b<\/td>\n<td style=\"text-align: center\">c<\/td>\n<td style=\"text-align: center\">kg<\/td>\n<td style=\"text-align: center\">m3<\/td>\n<\/tr>\n<tr>\n<td>AND.TS010<\/td>\n<td style=\"text-align: center\">Undercounter Cabinet with 1 Door<\/td>\n<td style=\"text-align: center\" colspan=\"3\">400x570x565<\/td>\n<td style=\"text-align: center\">18<\/td>\n<td style=\"text-align: center\">0.15<\/td>\n<\/tr>\n<tr>\n<td style=\"text-align: center\">AND.TS020<\/td>\n<td style=\"text-align: center\">Undercounter Cabinet with 2 Doors<\/td>\n<td style=\"text-align: center\" colspan=\"3\">600x570x565<\/td>\n<td style=\"text-align: center\">21<\/td>\n<td style=\"text-align: center\">0.22<\/td>\n<\/tr>\n<tr>\n<td style=\"text-align: center\">AND.TS025<\/td>\n<td style=\"text-align: center\">Undercounter Cabinet with 2 Doors<\/td>\n<td style=\"text-align: center\" colspan=\"3\">800x570x565<\/td>\n<td style=\"text-align: center\">26<\/td>\n<td style=\"text-align: center\">0.25<\/td>\n<\/tr>\n<tr>\n<td style=\"text-align: center\">AND.TS030<\/td>\n<td style=\"text-align: center\">Undercounter Cabinet with 3 Doors<\/td>\n<td style=\"text-align: center\" colspan=\"3\">900x570x565<\/td>\n<td style=\"text-align: center\">28<\/td>\n<td style=\"text-align: center\">0.33<\/td>\n<\/tr>\n<tr>\n<td style=\"text-align: center\">AND.TS010-K<\/td>\n<td style=\"text-align: center\">Undercounter Cabinet without Door<\/td>\n<td style=\"text-align: center\" colspan=\"3\">400x570x565<\/td>\n<td style=\"text-align: center\">13<\/td>\n<td style=\"text-align: center\">0.15<\/td>\n<\/tr>\n<tr>\n<td style=\"text-align: center\">AND.TS020-K<\/td>\n<td style=\"text-align: center\">Undercounter Cabinet without Door<\/td>\n<td style=\"text-align: center\" colspan=\"3\">600x570x565<\/td>\n<td style=\"text-align: center\">16<\/td>\n<td style=\"text-align: center\">0.22<\/td>\n<\/tr>\n<tr>\n<td style=\"text-align: center\">AND.TS025-K<\/td>\n<td style=\"text-align: center\">Undercounter Cabinet without Door<\/td>\n<td style=\"text-align: center\" colspan=\"3\">800x570x565<\/td>\n<td style=\"text-align: center\">20<\/td>\n<td style=\"text-align: center\">0.25<\/td>\n<\/tr>\n<tr>\n<td style=\"text-align: center\">AND.TS030-K<\/td>\n<td style=\"text-align: center\">Undercounter Cabinet without Door<\/td>\n<td style=\"text-align: center\" colspan=\"3\">900x570x565<\/td>\n<td style=\"text-align: center\">23<\/td>\n<td style=\"text-align: center\">0.33<\/td>\n<\/tr>\n<\/tbody>\n<\/table>\n","protected":false},"excerpt":{"rendered":"<p>&#8211; Under-Set Counters are suitable to use under each kind of 60\u2019s serie equipments.<br \/>\n&#8211; Easy to clean and hygienic.<br \/>\n&#8211; Stainless steel body.<\/p>\n","protected":false},"featured_media":769,"comment_status":"open","ping_status":"closed","template":"","meta":[],"product_cat":[72],"product_tag":[],"class_list":{"0":"post-766","1":"product","2":"type-product","3":"status-publish","4":"has-post-thumbnail","6":"product_cat-snack","8":"first","9":"instock","10":"shipping-taxable","11":"product-type-simple"},"_links":{"self":[{"href":"https:\/\/turkeyner.com.tr\/index.php?rest_route=\/wp\/v2\/product\/766","targetHints":{"allow":["GET"]}}],"collection":[{"href":"https:\/\/turkeyner.com.tr\/index.php?rest_route=\/wp\/v2\/product"}],"about":[{"href":"https:\/\/turkeyner.com.tr\/index.php?rest_route=\/wp\/v2\/types\/product"}],"replies":[{"embeddable":true,"href":"https:\/\/turkeyner.com.tr\/index.php?rest_route=%2Fwp%2Fv2%2Fcomments&post=766"}],"wp:featuredmedia":[{"embeddable":true,"href":"https:\/\/turkeyner.com.tr\/index.php?rest_route=\/wp\/v2\/media\/769"}],"wp:attachment":[{"href":"https:\/\/turkeyner.com.tr\/index.php?rest_route=%2Fwp%2Fv2%2Fmedia&parent=766"}],"wp:term":[{"taxonomy":"product_cat","embeddable":true,"href":"https:\/\/turkeyner.com.tr\/index.php?rest_route=%2Fwp%2Fv2%2Fproduct_cat&post=766"},{"taxonomy":"product_tag","embeddable":true,"href":"https:\/\/turkeyner.com.tr\/index.php?rest_route=%2Fwp%2Fv2%2Fproduct_tag&post=766"}],"curies":[{"name":"wp","href":"https:\/\/api.w.org\/{rel}","templated":true}]}}