{"id":1373,"date":"2025-02-06T08:47:20","date_gmt":"2025-02-06T08:47:20","guid":{"rendered":"https:\/\/turkeyner.com.tr\/?post_type=product&#038;p=1373"},"modified":"2025-02-06T08:47:20","modified_gmt":"2025-02-06T08:47:20","slug":"work-table-demontable","status":"publish","type":"product","link":"https:\/\/turkeyner.com.tr\/?product=work-table-demontable","title":{"rendered":"Work Table (Demontable)"},"content":{"rendered":"<p>\u0130\u015fte d\u00fczenlenmi\u015f tablonuz:<\/p>\n<table>\n<thead>\n<tr>\n<th>Code<\/th>\n<th>Description<\/th>\n<th>Dimensions (mm)<\/th>\n<\/tr>\n<\/thead>\n<tbody>\n<tr>\n<td>AND.AAT.6080<\/td>\n<td>Work Table<\/td>\n<td>800x600x850<\/td>\n<\/tr>\n<tr>\n<td>AND.AAT.60100<\/td>\n<td>Work Table<\/td>\n<td>1000x600x850<\/td>\n<\/tr>\n<tr>\n<td>AND.AAT.60120<\/td>\n<td>Work Table<\/td>\n<td>1200x600x850<\/td>\n<\/tr>\n<tr>\n<td>AND.AAT.60140<\/td>\n<td>Work Table<\/td>\n<td>1400x600x850<\/td>\n<\/tr>\n<tr>\n<td>AND.AAT.60160<\/td>\n<td>Work Table<\/td>\n<td>1600x600x850<\/td>\n<\/tr>\n<tr>\n<td>AND.AAT.60180<\/td>\n<td>Work Table<\/td>\n<td>1800x600x850<\/td>\n<\/tr>\n<tr>\n<td>AND.AAT.60200<\/td>\n<td>Work Table<\/td>\n<td>2000x600x850<\/td>\n<\/tr>\n<tr>\n<td>AND.AAT.60220<\/td>\n<td>Work Table<\/td>\n<td>2200x600x850<\/td>\n<\/tr>\n<tr>\n<td>AND.AAT.60240<\/td>\n<td>Work Table<\/td>\n<td>2400x600x850<\/td>\n<\/tr>\n<\/tbody>\n<\/table>\n<table>\n<thead>\n<tr>\n<th>Code<\/th>\n<th>Description<\/th>\n<th>Dimensions (mm)<\/th>\n<\/tr>\n<\/thead>\n<tbody>\n<tr>\n<td>AND.AAT.7080<\/td>\n<td>Work Table<\/td>\n<td>800x700x850<\/td>\n<\/tr>\n<tr>\n<td>AND.AAT.70100<\/td>\n<td>Work Table<\/td>\n<td>1000x700x850<\/td>\n<\/tr>\n<tr>\n<td>AND.AAT.70120<\/td>\n<td>Work Table<\/td>\n<td>1200x700x850<\/td>\n<\/tr>\n<tr>\n<td>AND.AAT.70140<\/td>\n<td>Work Table<\/td>\n<td>1400x700x850<\/td>\n<\/tr>\n<tr>\n<td>AND.AAT.70160<\/td>\n<td>Work Table<\/td>\n<td>1600x700x850<\/td>\n<\/tr>\n<tr>\n<td>AND.AAT.70180<\/td>\n<td>Work Table<\/td>\n<td>1800x700x850<\/td>\n<\/tr>\n<tr>\n<td>AND.AAT.70200<\/td>\n<td>Work Table<\/td>\n<td>2000x700x850<\/td>\n<\/tr>\n<tr>\n<td>AND.AAT.70220<\/td>\n<td>Work Table<\/td>\n<td>2200x700x850<\/td>\n<\/tr>\n<tr>\n<td>AND.AAT.70240<\/td>\n<td>Work Table<\/td>\n<td>2400x700x850<\/td>\n<\/tr>\n<\/tbody>\n<\/table>\n<p>Herhangi bir de\u011fi\u015fiklik veya ekleme yapmak isterseniz, yard\u0131mc\u0131 olabilirim!<\/p>\n","protected":false},"excerpt":{"rendered":"<p>&#8211; All products are demounted and stainless steel.<br \/>\n&#8211; Tables are produced with back standartly.<br \/>\n&#8211; Please specifty if you don\u2019t want back with the table.<br \/>\n&#8211; All tables are adjustable feet.<br \/>\n&#8211; Please, specify direction of back with the order<\/p>\n","protected":false},"featured_media":1374,"comment_status":"open","ping_status":"closed","template":"","meta":[],"product_cat":[76],"product_tag":[],"class_list":{"0":"post-1373","1":"product","2":"type-product","3":"status-publish","4":"has-post-thumbnail","6":"product_cat-work-tables","8":"first","9":"instock","10":"shipping-taxable","11":"product-type-simple"},"_links":{"self":[{"href":"https:\/\/turkeyner.com.tr\/index.php?rest_route=\/wp\/v2\/product\/1373","targetHints":{"allow":["GET"]}}],"collection":[{"href":"https:\/\/turkeyner.com.tr\/index.php?rest_route=\/wp\/v2\/product"}],"about":[{"href":"https:\/\/turkeyner.com.tr\/index.php?rest_route=\/wp\/v2\/types\/product"}],"replies":[{"embeddable":true,"href":"https:\/\/turkeyner.com.tr\/index.php?rest_route=%2Fwp%2Fv2%2Fcomments&post=1373"}],"wp:featuredmedia":[{"embeddable":true,"href":"https:\/\/turkeyner.com.tr\/index.php?rest_route=\/wp\/v2\/media\/1374"}],"wp:attachment":[{"href":"https:\/\/turkeyner.com.tr\/index.php?rest_route=%2Fwp%2Fv2%2Fmedia&parent=1373"}],"wp:term":[{"taxonomy":"product_cat","embeddable":true,"href":"https:\/\/turkeyner.com.tr\/index.php?rest_route=%2Fwp%2Fv2%2Fproduct_cat&post=1373"},{"taxonomy":"product_tag","embeddable":true,"href":"https:\/\/turkeyner.com.tr\/index.php?rest_route=%2Fwp%2Fv2%2Fproduct_tag&post=1373"}],"curies":[{"name":"wp","href":"https:\/\/api.w.org\/{rel}","templated":true}]}}