{"id":1338,"date":"2025-02-06T06:52:35","date_gmt":"2025-02-06T06:52:35","guid":{"rendered":"https:\/\/turkeyner.com.tr\/?post_type=product&#038;p=1338"},"modified":"2025-02-06T06:52:35","modified_gmt":"2025-02-06T06:52:35","slug":"wire-shelves","status":"publish","type":"product","link":"https:\/\/turkeyner.com.tr\/?product=wire-shelves","title":{"rendered":"Wire Shelves"},"content":{"rendered":"<p>A\u015fa\u011f\u0131da istedi\u011fin formatta tablolar\u0131 olu\u015fturdum:<\/p>\n<table>\n<thead>\n<tr>\n<th>Code<\/th>\n<th>Dimensions (mm)<\/th>\n<\/tr>\n<\/thead>\n<tbody>\n<tr>\n<td>AND.AT.3.3676<\/td>\n<td>360&#215;760<\/td>\n<\/tr>\n<tr>\n<td>AND.AT.3.3691<\/td>\n<td>360&#215;910<\/td>\n<\/tr>\n<tr>\n<td>AND.AT.3.36107<\/td>\n<td>360&#215;1070<\/td>\n<\/tr>\n<tr>\n<td>AND.AT.3.36122<\/td>\n<td>360&#215;1220<\/td>\n<\/tr>\n<tr>\n<td>AND.AT.3.36137<\/td>\n<td>360&#215;1370<\/td>\n<\/tr>\n<tr>\n<td>AND.AT.3.36152<\/td>\n<td>360&#215;1520<\/td>\n<\/tr>\n<tr>\n<td>AND.AT.3.36183<\/td>\n<td>360&#215;1830<\/td>\n<\/tr>\n<\/tbody>\n<\/table>\n<p>&nbsp;<\/p>\n<table>\n<thead>\n<tr>\n<th>Code<\/th>\n<th>Dimensions (mm)<\/th>\n<\/tr>\n<\/thead>\n<tbody>\n<tr>\n<td>AND.AT.3.4676<\/td>\n<td>460&#215;760<\/td>\n<\/tr>\n<tr>\n<td>AND.AT.3.4691<\/td>\n<td>460&#215;910<\/td>\n<\/tr>\n<tr>\n<td>AND.A.T.3.46107<\/td>\n<td>460&#215;1070<\/td>\n<\/tr>\n<tr>\n<td>AND.AT.3.46122<\/td>\n<td>460&#215;1220<\/td>\n<\/tr>\n<tr>\n<td>AND.AT.3.46137<\/td>\n<td>460&#215;1370<\/td>\n<\/tr>\n<tr>\n<td>AND.AT.3.46152<\/td>\n<td>460&#215;1520<\/td>\n<\/tr>\n<tr>\n<td>AND.AT.3.46183<\/td>\n<td>460&#215;1830<\/td>\n<\/tr>\n<\/tbody>\n<\/table>\n<p>&nbsp;<\/p>\n<table>\n<thead>\n<tr>\n<th>Code<\/th>\n<th>Dimensions (mm)<\/th>\n<\/tr>\n<\/thead>\n<tbody>\n<tr>\n<td>AND.AT.2.3676<\/td>\n<td>360&#215;760<\/td>\n<\/tr>\n<tr>\n<td>AND.AT.2.3691<\/td>\n<td>360&#215;910<\/td>\n<\/tr>\n<tr>\n<td>AND.AT.2.36107<\/td>\n<td>360&#215;1070<\/td>\n<\/tr>\n<tr>\n<td>AND.AT.2.36122<\/td>\n<td>360&#215;1220<\/td>\n<\/tr>\n<tr>\n<td>AND.AT.2.36137<\/td>\n<td>360&#215;1370<\/td>\n<\/tr>\n<tr>\n<td>AND.AT.2.36152<\/td>\n<td>360&#215;1520<\/td>\n<\/tr>\n<tr>\n<td>AND.AT.2.36183<\/td>\n<td>360&#215;1830<\/td>\n<\/tr>\n<\/tbody>\n<\/table>\n<p>&nbsp;<\/p>\n<table>\n<thead>\n<tr>\n<th>Code<\/th>\n<th>Dimensions (mm)<\/th>\n<\/tr>\n<\/thead>\n<tbody>\n<tr>\n<td>AND.AT.2.4676<\/td>\n<td>460&#215;760<\/td>\n<\/tr>\n<tr>\n<td>AND.AT.2.4691<\/td>\n<td>460&#215;910<\/td>\n<\/tr>\n<tr>\n<td>AND.AT.2.46107<\/td>\n<td>460&#215;1070<\/td>\n<\/tr>\n<tr>\n<td>AND.AT.2.46122<\/td>\n<td>460&#215;1220<\/td>\n<\/tr>\n<tr>\n<td>AND.AT.2.46137<\/td>\n<td>460&#215;1370<\/td>\n<\/tr>\n<tr>\n<td>AND.AT.2.46152<\/td>\n<td>460&#215;1520<\/td>\n<\/tr>\n<tr>\n<td>AND.AT.2.46183<\/td>\n<td>460&#215;1830<\/td>\n<\/tr>\n<\/tbody>\n<\/table>\n<p>&nbsp;<\/p>\n","protected":false},"excerpt":{"rendered":"<p>&#8211;<\/p>\n","protected":false},"featured_media":1339,"comment_status":"open","ping_status":"closed","template":"","meta":[],"product_cat":[75],"product_tag":[],"class_list":{"0":"post-1338","1":"product","2":"type-product","3":"status-publish","4":"has-post-thumbnail","6":"product_cat-shelves-neutral-units","8":"first","9":"instock","10":"shipping-taxable","11":"product-type-simple"},"_links":{"self":[{"href":"https:\/\/turkeyner.com.tr\/index.php?rest_route=\/wp\/v2\/product\/1338","targetHints":{"allow":["GET"]}}],"collection":[{"href":"https:\/\/turkeyner.com.tr\/index.php?rest_route=\/wp\/v2\/product"}],"about":[{"href":"https:\/\/turkeyner.com.tr\/index.php?rest_route=\/wp\/v2\/types\/product"}],"replies":[{"embeddable":true,"href":"https:\/\/turkeyner.com.tr\/index.php?rest_route=%2Fwp%2Fv2%2Fcomments&post=1338"}],"wp:featuredmedia":[{"embeddable":true,"href":"https:\/\/turkeyner.com.tr\/index.php?rest_route=\/wp\/v2\/media\/1339"}],"wp:attachment":[{"href":"https:\/\/turkeyner.com.tr\/index.php?rest_route=%2Fwp%2Fv2%2Fmedia&parent=1338"}],"wp:term":[{"taxonomy":"product_cat","embeddable":true,"href":"https:\/\/turkeyner.com.tr\/index.php?rest_route=%2Fwp%2Fv2%2Fproduct_cat&post=1338"},{"taxonomy":"product_tag","embeddable":true,"href":"https:\/\/turkeyner.com.tr\/index.php?rest_route=%2Fwp%2Fv2%2Fproduct_tag&post=1338"}],"curies":[{"name":"wp","href":"https:\/\/api.w.org\/{rel}","templated":true}]}}